{"id":48,"date":"2024-09-29T19:42:26","date_gmt":"2024-09-29T18:42:26","guid":{"rendered":"https:\/\/janstercl.cz\/?page_id=48"},"modified":"2026-04-01T16:58:59","modified_gmt":"2026-04-01T15:58:59","slug":"kontakt","status":"publish","type":"page","link":"https:\/\/janstercl.cz\/en\/kontakt\/","title":{"rendered":"Contact"},"content":{"rendered":"<div class=\"wp-block-group alignwide has-global-padding is-layout-constrained wp-block-group-is-layout-constrained\">\n<div class=\"wp-block-columns alignwide is-layout-flex wp-container-core-columns-is-layout-28f84493 wp-block-columns-is-layout-flex\">\n<div class=\"wp-block-column is-layout-flow wp-block-column-is-layout-flow\">\n<div class=\"wp-block-columns is-layout-flex wp-container-core-columns-is-layout-28f84493 wp-block-columns-is-layout-flex\">\n<div class=\"wp-block-column is-layout-flow wp-block-column-is-layout-flow\">\n<h3 class=\"wp-block-heading has-text-align-left\">Ing. Jan \u0160tercl<\/h3>\n\n\n\n<p>Chcete <strong>MAKE AN APPOINTMENT<\/strong> nebo m\u00e1te <strong>A QUESTION<\/strong>? Kontaktujte m\u011b.<\/p>\n\n\n\n<ul class=\"wp-block-list\">\n<li>telefon <strong><a href=\"tel:+420 721 344 211\">721 344 211<\/a><\/strong> &#8211; hovor, SMS, Viber, WhatsApp<\/li>\n\n\n\n<li>email <strong><a href=\"mailto:stercl.jan@gmail.com\">stercl.jan@gmail.com<\/a><\/strong><\/li>\n\n\n\n<li>kontaktn\u00ed formul\u00e1\u0159 zde na st\u00e1nce<\/li>\n<\/ul>\n<\/div>\n\n\n\n<div class=\"wp-block-column is-layout-flow wp-block-column-is-layout-flow\">\n<div class=\"wp-block-columns is-layout-flex wp-container-core-columns-is-layout-28f84493 wp-block-columns-is-layout-flex\">\n<div class=\"wp-block-column is-layout-flow wp-container-core-column-is-layout-9c708b93 wp-block-column-is-layout-flow\" style=\"border-style:none;border-width:0px;padding-top:0;padding-right:var(--wp--preset--spacing--10);padding-bottom:0;padding-left:var(--wp--preset--spacing--10)\">\n<h4 class=\"wp-block-heading\">Contact form<\/h4>\n\n\n\n<div class=\"forminator-guttenberg\"><div class=\"forminator-ui forminator-custom-form forminator-custom-form-119 forminator-design--default  forminator_ajax\" data-forminator-render=\"0\" data-form=\"forminator-module-119\" data-uid=\"69f67b08224bc\"><br\/><\/div><form\n\t\t\t\tid=\"forminator-module-119\"\n\t\t\t\tclass=\"forminator-ui forminator-custom-form forminator-custom-form-119 forminator-design--default  forminator_ajax\"\n\t\t\t\tmethod=\"post\"\n\t\t\t\tdata-forminator-render=\"0\"\n\t\t\t\tdata-form-id=\"119\"\n\t\t\t\t data-color-option=\"default\" data-design=\"default\" data-grid=\"open\" style=\"display: none;\"\n\t\t\t\tdata-uid=\"69f67b08224bc\" action=\"\"\n\t\t\t><div role=\"alert\" aria-live=\"polite\" class=\"forminator-response-message forminator-error\" aria-hidden=\"true\"><\/div><div class=\"forminator-row\"><div id=\"name-1\" class=\"forminator-field-name forminator-col forminator-col-12\"><div class=\"forminator-field\"><input type=\"text\" name=\"name-1\" value=\"\" placeholder=\"Full name\" id=\"forminator-field-name-1_69f67b08224bc\" class=\"forminator-input forminator-name--field\" aria-required=\"true\" autocomplete=\"name\" \/><\/div><\/div><\/div><div class=\"forminator-row\"><div id=\"email-1\" class=\"forminator-field-email forminator-col forminator-col-12\"><div class=\"forminator-field\"><input type=\"email\" name=\"email-1\" value=\"\" placeholder=\"e-mail address\" id=\"forminator-field-email-1_69f67b08224bc\" class=\"forminator-input forminator-email--field\" data-required=\"true\" aria-required=\"true\" autocomplete=\"email\" \/><\/div><\/div><\/div><div class=\"forminator-row\"><div id=\"phone-1\" class=\"forminator-field-phone forminator-col forminator-col-12\"><div class=\"forminator-field\"><input type=\"text\" name=\"phone-1\" value=\"\" placeholder=\"Phone number\" id=\"forminator-field-phone-1_69f67b08224bc\" class=\"forminator-input forminator-field--phone\" data-required=\"\" aria-required=\"false\" autocomplete=\"off\" \/><\/div><\/div><\/div><div class=\"forminator-row\"><div id=\"textarea-1\" class=\"forminator-field-textarea forminator-col forminator-col-12\"><div class=\"forminator-field\"><textarea name=\"textarea-1\" placeholder=\"Your message or question\" id=\"forminator-field-textarea-1_69f67b08224bc\" class=\"forminator-textarea\" rows=\"6\" style=\"--forminator-textarea-min-height:140px;\" maxlength=\"180\" ><\/textarea><span id=\"forminator-field-textarea-1_69f67b08224bc-description\" class=\"forminator-description\"><span data-limit=\"180\" data-type=\"characters\" data-editor=\"\">0 \/ 180<\/span><\/span><\/div><\/div><\/div><input type=\"hidden\" name=\"referer_url\" value=\"\" \/><div class=\"forminator-row forminator-row-last\"><div class=\"forminator-col\"><div class=\"forminator-field\"><button class=\"forminator-button forminator-button-submit\">Send the message<\/button><\/div><\/div><\/div><input type=\"hidden\" id=\"forminator_nonce\" name=\"forminator_nonce\" value=\"abd9437e31\" \/><input type=\"hidden\" name=\"_wp_http_referer\" value=\"\/en\/wp-json\/wp\/v2\/pages\/48\" \/><input type=\"hidden\" name=\"form_id\" value=\"119\"><input type=\"hidden\" name=\"page_id\" value=\"48\"><input type=\"hidden\" name=\"form_type\" value=\"default\"><input type=\"hidden\" name=\"current_url\" value=\"https:\/\/janstercl.cz\/en\/kontakt\/\"><input type=\"hidden\" name=\"render_id\" value=\"0\"><input type=\"hidden\" name=\"action\" value=\"forminator_submit_form_custom-forms\"><input type=\"hidden\" name=\"trp-form-language\" value=\"en\"\/><\/form><\/div>\n<\/div>\n<\/div>\n<\/div>\n<\/div>\n<\/div>\n<\/div>\n<\/div>\n\n\n\n<p><\/p>","protected":false},"excerpt":{"rendered":"<p>Ing. Jan \u0160tercl Chcete OBJEDNAT nebo m\u00e1te DOTAZ? Kontaktujte m\u011b. Kontaktn\u00ed formul\u00e1\u0159<\/p>","protected":false},"author":1,"featured_media":0,"parent":0,"menu_order":0,"comment_status":"closed","ping_status":"closed","template":"","meta":{"footnotes":""},"class_list":["post-48","page","type-page","status-publish","hentry"],"yoast_head":"<!-- This site is optimized with the Yoast SEO plugin v27.5 - https:\/\/yoast.com\/product\/yoast-seo-wordpress\/ -->\n<title>Kontakt - Jan \u0160tercl<\/title>\n<meta name=\"description\" content=\"M\u00e1te DOTAZ nebo se chcete OBJEDNAT? Vyu\u017eijte pros\u00edm tento kontaktn\u00ed formul\u00e1\u0159. M\u016f\u017eete m\u011b tak\u00e9 kontaktovat telefonicky nebo na e-mailu.\" \/>\n<meta name=\"robots\" content=\"index, follow, max-snippet:-1, max-image-preview:large, max-video-preview:-1\" \/>\n<link rel=\"canonical\" href=\"https:\/\/janstercl.cz\/en\/kontakt\/\" \/>\n<meta property=\"og:locale\" content=\"en_US\" \/>\n<meta property=\"og:type\" content=\"article\" \/>\n<meta property=\"og:title\" content=\"Kontakt - Jan \u0160tercl\" \/>\n<meta property=\"og:description\" content=\"M\u00e1te DOTAZ nebo se chcete OBJEDNAT? Vyu\u017eijte pros\u00edm tento kontaktn\u00ed formul\u00e1\u0159. M\u016f\u017eete m\u011b tak\u00e9 kontaktovat telefonicky nebo na e-mailu.\" \/>\n<meta property=\"og:url\" content=\"https:\/\/janstercl.cz\/en\/kontakt\/\" \/>\n<meta property=\"og:site_name\" content=\"Jan \u0160tercl\" \/>\n<meta property=\"article:publisher\" content=\"https:\/\/facebook.com\/stercl.jan\" \/>\n<meta property=\"article:modified_time\" content=\"2026-04-01T15:58:59+00:00\" \/>\n<meta property=\"og:image\" content=\"https:\/\/janstercl.cz\/wp-content\/uploads\/2024\/09\/stercl_jan.jpg\" \/>\n\t<meta property=\"og:image:width\" content=\"2231\" \/>\n\t<meta property=\"og:image:height\" content=\"2220\" \/>\n\t<meta property=\"og:image:type\" content=\"image\/jpeg\" \/>\n<meta name=\"twitter:card\" content=\"summary_large_image\" \/>\n<meta name=\"twitter:label1\" content=\"Est. reading time\" \/>\n\t<meta name=\"twitter:data1\" content=\"1 minute\" \/>\n<script type=\"application\/ld+json\" class=\"yoast-schema-graph\">{\"@context\":\"https:\\\/\\\/schema.org\",\"@graph\":[{\"@type\":\"WebPage\",\"@id\":\"https:\\\/\\\/janstercl.cz\\\/kontakt\\\/\",\"url\":\"https:\\\/\\\/janstercl.cz\\\/kontakt\\\/\",\"name\":\"Kontakt - Jan \u0160tercl\",\"isPartOf\":{\"@id\":\"https:\\\/\\\/janstercl.cz\\\/#website\"},\"datePublished\":\"2024-09-29T18:42:26+00:00\",\"dateModified\":\"2026-04-01T15:58:59+00:00\",\"description\":\"M\u00e1te DOTAZ nebo se chcete OBJEDNAT? Vyu\u017eijte pros\u00edm tento kontaktn\u00ed formul\u00e1\u0159. M\u016f\u017eete m\u011b tak\u00e9 kontaktovat telefonicky nebo na e-mailu.\",\"breadcrumb\":{\"@id\":\"https:\\\/\\\/janstercl.cz\\\/kontakt\\\/#breadcrumb\"},\"inLanguage\":\"en-US\",\"potentialAction\":[{\"@type\":\"ReadAction\",\"target\":[\"https:\\\/\\\/janstercl.cz\\\/kontakt\\\/\"]}]},{\"@type\":\"BreadcrumbList\",\"@id\":\"https:\\\/\\\/janstercl.cz\\\/kontakt\\\/#breadcrumb\",\"itemListElement\":[{\"@type\":\"ListItem\",\"position\":1,\"name\":\"Dom\u016f\",\"item\":\"https:\\\/\\\/janstercl.cz\\\/\"},{\"@type\":\"ListItem\",\"position\":2,\"name\":\"Kontakt\"}]},{\"@type\":\"WebSite\",\"@id\":\"https:\\\/\\\/janstercl.cz\\\/#website\",\"url\":\"https:\\\/\\\/janstercl.cz\\\/\",\"name\":\"Jan \u0160tercl\",\"description\":\"terapeut \u010d\u00ednsk\u00e9 medic\u00edny\",\"publisher\":{\"@id\":\"https:\\\/\\\/janstercl.cz\\\/#organization\"},\"potentialAction\":[{\"@type\":\"SearchAction\",\"target\":{\"@type\":\"EntryPoint\",\"urlTemplate\":\"https:\\\/\\\/janstercl.cz\\\/?s={search_term_string}\"},\"query-input\":{\"@type\":\"PropertyValueSpecification\",\"valueRequired\":true,\"valueName\":\"search_term_string\"}}],\"inLanguage\":\"en-US\"},{\"@type\":\"Organization\",\"@id\":\"https:\\\/\\\/janstercl.cz\\\/#organization\",\"name\":\"Jan \u0160tercl\",\"url\":\"https:\\\/\\\/janstercl.cz\\\/\",\"logo\":{\"@type\":\"ImageObject\",\"inLanguage\":\"en-US\",\"@id\":\"https:\\\/\\\/janstercl.cz\\\/#\\\/schema\\\/logo\\\/image\\\/\",\"url\":\"https:\\\/\\\/janstercl.cz\\\/wp-content\\\/uploads\\\/2024\\\/09\\\/yinyang-bw-e1727552793590.png\",\"contentUrl\":\"https:\\\/\\\/janstercl.cz\\\/wp-content\\\/uploads\\\/2024\\\/09\\\/yinyang-bw-e1727552793590.png\",\"width\":128,\"height\":128,\"caption\":\"Jan \u0160tercl\"},\"image\":{\"@id\":\"https:\\\/\\\/janstercl.cz\\\/#\\\/schema\\\/logo\\\/image\\\/\"},\"sameAs\":[\"https:\\\/\\\/facebook.com\\\/stercl.jan\",\"https:\\\/\\\/linkedin.com\\\/in\\\/stercljan\"]}]}<\/script>\n<!-- \/ Yoast SEO plugin. -->","yoast_head_json":{"title":"Kontakt - Jan \u0160tercl","description":"M\u00e1te DOTAZ nebo se chcete OBJEDNAT? Vyu\u017eijte pros\u00edm tento kontaktn\u00ed formul\u00e1\u0159. M\u016f\u017eete m\u011b tak\u00e9 kontaktovat telefonicky nebo na e-mailu.","robots":{"index":"index","follow":"follow","max-snippet":"max-snippet:-1","max-image-preview":"max-image-preview:large","max-video-preview":"max-video-preview:-1"},"canonical":"https:\/\/janstercl.cz\/en\/kontakt\/","og_locale":"en_US","og_type":"article","og_title":"Kontakt - Jan \u0160tercl","og_description":"M\u00e1te DOTAZ nebo se chcete OBJEDNAT? Vyu\u017eijte pros\u00edm tento kontaktn\u00ed formul\u00e1\u0159. M\u016f\u017eete m\u011b tak\u00e9 kontaktovat telefonicky nebo na e-mailu.","og_url":"https:\/\/janstercl.cz\/en\/kontakt\/","og_site_name":"Jan \u0160tercl","article_publisher":"https:\/\/facebook.com\/stercl.jan","article_modified_time":"2026-04-01T15:58:59+00:00","og_image":[{"width":2231,"height":2220,"url":"https:\/\/janstercl.cz\/wp-content\/uploads\/2024\/09\/stercl_jan.jpg","type":"image\/jpeg"}],"twitter_card":"summary_large_image","twitter_misc":{"Est. reading time":"1 minute"},"schema":{"@context":"https:\/\/schema.org","@graph":[{"@type":"WebPage","@id":"https:\/\/janstercl.cz\/kontakt\/","url":"https:\/\/janstercl.cz\/kontakt\/","name":"Kontakt - Jan \u0160tercl","isPartOf":{"@id":"https:\/\/janstercl.cz\/#website"},"datePublished":"2024-09-29T18:42:26+00:00","dateModified":"2026-04-01T15:58:59+00:00","description":"M\u00e1te DOTAZ nebo se chcete OBJEDNAT? Vyu\u017eijte pros\u00edm tento kontaktn\u00ed formul\u00e1\u0159. M\u016f\u017eete m\u011b tak\u00e9 kontaktovat telefonicky nebo na e-mailu.","breadcrumb":{"@id":"https:\/\/janstercl.cz\/kontakt\/#breadcrumb"},"inLanguage":"en-US","potentialAction":[{"@type":"ReadAction","target":["https:\/\/janstercl.cz\/kontakt\/"]}]},{"@type":"BreadcrumbList","@id":"https:\/\/janstercl.cz\/kontakt\/#breadcrumb","itemListElement":[{"@type":"ListItem","position":1,"name":"Dom\u016f","item":"https:\/\/janstercl.cz\/"},{"@type":"ListItem","position":2,"name":"Kontakt"}]},{"@type":"WebSite","@id":"https:\/\/janstercl.cz\/#website","url":"https:\/\/janstercl.cz\/","name":"Jan \u0160tercl","description":"terapeut \u010d\u00ednsk\u00e9 medic\u00edny","publisher":{"@id":"https:\/\/janstercl.cz\/#organization"},"potentialAction":[{"@type":"SearchAction","target":{"@type":"EntryPoint","urlTemplate":"https:\/\/janstercl.cz\/?s={search_term_string}"},"query-input":{"@type":"PropertyValueSpecification","valueRequired":true,"valueName":"search_term_string"}}],"inLanguage":"en-US"},{"@type":"Organization","@id":"https:\/\/janstercl.cz\/#organization","name":"Jan \u0160tercl","url":"https:\/\/janstercl.cz\/","logo":{"@type":"ImageObject","inLanguage":"en-US","@id":"https:\/\/janstercl.cz\/#\/schema\/logo\/image\/","url":"https:\/\/janstercl.cz\/wp-content\/uploads\/2024\/09\/yinyang-bw-e1727552793590.png","contentUrl":"https:\/\/janstercl.cz\/wp-content\/uploads\/2024\/09\/yinyang-bw-e1727552793590.png","width":128,"height":128,"caption":"Jan \u0160tercl"},"image":{"@id":"https:\/\/janstercl.cz\/#\/schema\/logo\/image\/"},"sameAs":["https:\/\/facebook.com\/stercl.jan","https:\/\/linkedin.com\/in\/stercljan"]}]}},"_links":{"self":[{"href":"https:\/\/janstercl.cz\/en\/wp-json\/wp\/v2\/pages\/48","targetHints":{"allow":["GET"]}}],"collection":[{"href":"https:\/\/janstercl.cz\/en\/wp-json\/wp\/v2\/pages"}],"about":[{"href":"https:\/\/janstercl.cz\/en\/wp-json\/wp\/v2\/types\/page"}],"author":[{"embeddable":true,"href":"https:\/\/janstercl.cz\/en\/wp-json\/wp\/v2\/users\/1"}],"replies":[{"embeddable":true,"href":"https:\/\/janstercl.cz\/en\/wp-json\/wp\/v2\/comments?post=48"}],"version-history":[{"count":44,"href":"https:\/\/janstercl.cz\/en\/wp-json\/wp\/v2\/pages\/48\/revisions"}],"predecessor-version":[{"id":688,"href":"https:\/\/janstercl.cz\/en\/wp-json\/wp\/v2\/pages\/48\/revisions\/688"}],"wp:attachment":[{"href":"https:\/\/janstercl.cz\/en\/wp-json\/wp\/v2\/media?parent=48"}],"curies":[{"name":"wp","href":"https:\/\/api.w.org\/{rel}","templated":true}]}}