{"id":327,"date":"2024-11-08T00:19:29","date_gmt":"2024-11-07T23:19:29","guid":{"rendered":"https:\/\/janstercl.cz\/?page_id=327"},"modified":"2025-12-08T21:45:30","modified_gmt":"2025-12-08T20:45:30","slug":"sluzby","status":"publish","type":"page","link":"https:\/\/janstercl.cz\/en\/sluzby\/","title":{"rendered":"Services"},"content":{"rendered":"<div class=\"wp-block-group alignfull has-global-padding is-layout-constrained wp-container-core-group-is-layout-1b225bdb wp-block-group-is-layout-constrained\" style=\"margin-top:0;margin-bottom:0;padding-top:0;padding-right:var(--wp--preset--spacing--30);padding-bottom:0;padding-left:var(--wp--preset--spacing--30)\">\n<div class=\"wp-block-columns alignwide is-layout-flex wp-container-core-columns-is-layout-57af606a wp-block-columns-is-layout-flex\" style=\"padding-top:var(--wp--preset--spacing--30);padding-bottom:var(--wp--preset--spacing--30)\">\n<div class=\"wp-block-column is-layout-flow wp-block-column-is-layout-flow\" style=\"border-top-color:var(--wp--preset--color--contrast-3);border-top-width:1px;padding-top:var(--wp--preset--spacing--30);padding-right:var(--wp--preset--spacing--30);padding-bottom:var(--wp--preset--spacing--10);padding-left:var(--wp--preset--spacing--30)\">\n<figure class=\"wp-block-image size-full\"><img loading=\"lazy\" decoding=\"async\" width=\"700\" height=\"700\" src=\"https:\/\/janstercl.cz\/wp-content\/uploads\/2025\/12\/service_diagnostics-e1765226400565.png\" alt=\"\" class=\"wp-image-655\" srcset=\"https:\/\/janstercl.cz\/wp-content\/uploads\/2025\/12\/service_diagnostics-e1765226400565.png 700w, https:\/\/janstercl.cz\/wp-content\/uploads\/2025\/12\/service_diagnostics-e1765226400565-300x300.png 300w, https:\/\/janstercl.cz\/wp-content\/uploads\/2025\/12\/service_diagnostics-e1765226400565-150x150.png 150w, https:\/\/janstercl.cz\/wp-content\/uploads\/2025\/12\/service_diagnostics-e1765226400565-12x12.png 12w\" sizes=\"auto, (max-width: 700px) 100vw, 700px\" \/><\/figure>\n\n\n\n<p><strong>Chinese medicine diagnosis<\/strong> - 90-120 minutes<\/p>\n\n\n\n<hr class=\"wp-block-separator has-text-color has-contrast-3-color has-alpha-channel-opacity has-contrast-3-background-color has-background is-style-wide\"\/>\n\n\n\n<p>Usually the first in person meeting.<\/p>\n\n\n\n<hr class=\"wp-block-separator has-text-color has-contrast-3-color has-alpha-channel-opacity has-contrast-3-background-color has-background is-style-wide\"\/>\n\n\n\n<p>Interview with the client, observation of the tongue, pulse diagnosis and other diagnostic methods.<\/p>\n\n\n\n<hr class=\"wp-block-separator has-text-color has-contrast-3-color has-alpha-channel-opacity has-contrast-3-background-color has-background is-style-wide\"\/>\n\n\n\n<p>Enables to target to the root cause of the problem.<\/p>\n\n\n\n<div style=\"height:12px\" aria-hidden=\"true\" class=\"wp-block-spacer\"><\/div>\n\n\n\n<h3 class=\"wp-block-heading has-text-align-center has-x-large-font-size\">CZK 1300<\/h3>\n<\/div>\n\n\n\n<div class=\"wp-block-column is-layout-flow wp-block-column-is-layout-flow\" style=\"border-top-color:var(--wp--preset--color--contrast-3);border-top-width:1px;padding-top:var(--wp--preset--spacing--30);padding-right:var(--wp--preset--spacing--30);padding-bottom:var(--wp--preset--spacing--10);padding-left:var(--wp--preset--spacing--30)\">\n<figure class=\"wp-block-image size-full\"><img loading=\"lazy\" decoding=\"async\" width=\"1024\" height=\"1024\" src=\"https:\/\/janstercl.cz\/wp-content\/uploads\/2025\/12\/services_regular_visit.png\" alt=\"\" class=\"wp-image-658\" srcset=\"https:\/\/janstercl.cz\/wp-content\/uploads\/2025\/12\/services_regular_visit.png 1024w, https:\/\/janstercl.cz\/wp-content\/uploads\/2025\/12\/services_regular_visit-300x300.png 300w, https:\/\/janstercl.cz\/wp-content\/uploads\/2025\/12\/services_regular_visit-150x150.png 150w, https:\/\/janstercl.cz\/wp-content\/uploads\/2025\/12\/services_regular_visit-768x768.png 768w, https:\/\/janstercl.cz\/wp-content\/uploads\/2025\/12\/services_regular_visit-12x12.png 12w\" sizes=\"auto, (max-width: 1024px) 100vw, 1024px\" \/><\/figure>\n\n\n\n<p><strong>Chinese medicine treatment<\/strong> - 60 minutes<\/p>\n\n\n\n<hr class=\"wp-block-separator has-text-color has-contrast-3-color has-alpha-channel-opacity has-contrast-3-background-color has-background is-style-wide\"\/>\n\n\n\n<p>A treatment using Tuina massage, ear acupuncture, etc.<\/p>\n\n\n\n<hr class=\"wp-block-separator has-text-color has-contrast-3-color has-alpha-channel-opacity has-contrast-3-background-color has-background is-style-wide\"\/>\n\n\n\n<p>Prior diagnostic session is not required, but recommended.<\/p>\n\n\n\n<div style=\"height:12px\" aria-hidden=\"true\" class=\"wp-block-spacer\"><\/div>\n\n\n\n<h3 class=\"wp-block-heading has-text-align-center has-x-large-font-size\">CZK 1000<\/h3>\n<\/div>\n\n\n\n<div class=\"wp-block-column is-layout-flow wp-block-column-is-layout-flow\" style=\"border-top-color:var(--wp--preset--color--contrast-3);border-top-width:1px;padding-top:var(--wp--preset--spacing--30);padding-right:var(--wp--preset--spacing--30);padding-bottom:var(--wp--preset--spacing--10);padding-left:var(--wp--preset--spacing--30)\">\n<figure class=\"wp-block-image size-full\"><img loading=\"lazy\" decoding=\"async\" width=\"700\" height=\"700\" src=\"https:\/\/janstercl.cz\/wp-content\/uploads\/2025\/12\/services_ear_acupuncture-e1765226430426.png\" alt=\"\" class=\"wp-image-656\" srcset=\"https:\/\/janstercl.cz\/wp-content\/uploads\/2025\/12\/services_ear_acupuncture-e1765226430426.png 700w, https:\/\/janstercl.cz\/wp-content\/uploads\/2025\/12\/services_ear_acupuncture-e1765226430426-300x300.png 300w, https:\/\/janstercl.cz\/wp-content\/uploads\/2025\/12\/services_ear_acupuncture-e1765226430426-150x150.png 150w, https:\/\/janstercl.cz\/wp-content\/uploads\/2025\/12\/services_ear_acupuncture-e1765226430426-12x12.png 12w\" sizes=\"auto, (max-width: 700px) 100vw, 700px\" \/><\/figure>\n\n\n\n<p><strong>Ear acupuncture<\/strong> - 15 minutes<\/p>\n\n\n\n<hr class=\"wp-block-separator has-text-color has-contrast-3-color has-alpha-channel-opacity has-contrast-3-background-color has-background is-style-wide\"\/>\n\n\n\n<p>Simplified diagnostic procedure and ear acupuncture or acupressure treatment.<\/p>\n\n\n\n<hr class=\"wp-block-separator has-text-color has-contrast-3-color has-alpha-channel-opacity has-contrast-3-background-color has-background is-style-wide\"\/>\n\n\n\n<p>Uses special stimulation bandages that stays in the ear for a couple of days.<\/p>\n\n\n\n<div style=\"height:12px\" aria-hidden=\"true\" class=\"wp-block-spacer\"><\/div>\n\n\n\n<h3 class=\"wp-block-heading has-text-align-center has-x-large-font-size\">CZK 400<\/h3>\n<\/div>\n<\/div>\n\n\n\n<div class=\"wp-block-columns alignwide is-layout-flex wp-container-core-columns-is-layout-57af606a wp-block-columns-is-layout-flex\" style=\"padding-top:var(--wp--preset--spacing--30);padding-bottom:var(--wp--preset--spacing--30)\">\n<div class=\"wp-block-column is-layout-flow wp-block-column-is-layout-flow\" style=\"border-top-color:var(--wp--preset--color--contrast-3);border-top-width:1px;padding-top:var(--wp--preset--spacing--30);padding-right:var(--wp--preset--spacing--30);padding-bottom:var(--wp--preset--spacing--10);padding-left:var(--wp--preset--spacing--30)\">\n<figure class=\"wp-block-image size-full\"><img loading=\"lazy\" decoding=\"async\" width=\"700\" height=\"700\" src=\"https:\/\/janstercl.cz\/wp-content\/uploads\/2025\/12\/services_zuliao-e1765226552461.png\" alt=\"\" class=\"wp-image-659\" srcset=\"https:\/\/janstercl.cz\/wp-content\/uploads\/2025\/12\/services_zuliao-e1765226552461.png 700w, https:\/\/janstercl.cz\/wp-content\/uploads\/2025\/12\/services_zuliao-e1765226552461-300x300.png 300w, https:\/\/janstercl.cz\/wp-content\/uploads\/2025\/12\/services_zuliao-e1765226552461-150x150.png 150w, https:\/\/janstercl.cz\/wp-content\/uploads\/2025\/12\/services_zuliao-e1765226552461-12x12.png 12w\" sizes=\"auto, (max-width: 700px) 100vw, 700px\" \/><\/figure>\n\n\n\n<p><strong>Reflexology foot massage&nbsp;<em>zuliao<\/em>&nbsp;<\/strong>- 75 minutes<\/p>\n\n\n\n<hr class=\"wp-block-separator has-text-color has-contrast-3-color has-alpha-channel-opacity has-contrast-3-background-color has-background is-style-wide\"\/>\n\n\n\n<p>Standardized procedure to treat the whole body using foot reflexology.<\/p>\n\n\n\n<hr class=\"wp-block-separator has-text-color has-contrast-3-color has-alpha-channel-opacity has-contrast-3-background-color has-background is-style-wide\"\/>\n\n\n\n<p>Involves a 10-15 minute long feet bath, cupping, wrapping and obviously a foot massage.<\/p>\n\n\n\n<div style=\"height:12px\" aria-hidden=\"true\" class=\"wp-block-spacer\"><\/div>\n\n\n\n<h3 class=\"wp-block-heading has-text-align-center has-x-large-font-size\">CZK 1200<\/h3>\n<\/div>\n\n\n\n<div class=\"wp-block-column is-layout-flow wp-block-column-is-layout-flow\" style=\"border-top-color:var(--wp--preset--color--contrast-3);border-top-width:1px;padding-top:var(--wp--preset--spacing--30);padding-right:var(--wp--preset--spacing--30);padding-bottom:var(--wp--preset--spacing--10);padding-left:var(--wp--preset--spacing--30)\">\n<figure class=\"wp-block-image size-full\"><img loading=\"lazy\" decoding=\"async\" width=\"700\" height=\"700\" src=\"https:\/\/janstercl.cz\/wp-content\/uploads\/2025\/12\/services_outside-e1765226466685.png\" alt=\"\" class=\"wp-image-657\" srcset=\"https:\/\/janstercl.cz\/wp-content\/uploads\/2025\/12\/services_outside-e1765226466685.png 700w, https:\/\/janstercl.cz\/wp-content\/uploads\/2025\/12\/services_outside-e1765226466685-300x300.png 300w, https:\/\/janstercl.cz\/wp-content\/uploads\/2025\/12\/services_outside-e1765226466685-150x150.png 150w, https:\/\/janstercl.cz\/wp-content\/uploads\/2025\/12\/services_outside-e1765226466685-12x12.png 12w\" sizes=\"auto, (max-width: 700px) 100vw, 700px\" \/><\/figure>\n\n\n\n<p><strong>Services at your home or in your office<\/strong><\/p>\n\n\n\n<hr class=\"wp-block-separator has-text-color has-contrast-3-color has-alpha-channel-opacity has-contrast-3-background-color has-background is-style-wide\"\/>\n\n\n\n<p>If you are interested, I will do a treatment or a massage in comfort of your home or office.<\/p>\n\n\n\n<div style=\"height:12px\" aria-hidden=\"true\" class=\"wp-block-spacer\"><\/div>\n\n\n\n<h3 class=\"wp-block-heading has-text-align-center has-x-large-font-size\">TBD<\/h3>\n<\/div>\n<\/div>\n<\/div>\n\n\n\n<div style=\"height:20px\" aria-hidden=\"true\" class=\"wp-block-spacer\"><\/div>\n\n\n\n<div class=\"wp-block-buttons is-content-justification-center is-layout-flex wp-container-core-buttons-is-layout-a89b3969 wp-block-buttons-is-layout-flex\">\n<div class=\"wp-block-button is-style-fill\"><a class=\"wp-block-button__link wp-element-button\" href=\"https:\/\/janstercl.cz\/en\/kontakt\/\">Make an appointment<\/a><\/div>\n<\/div>\n\n\n\n<div style=\"height:20px\" aria-hidden=\"true\" class=\"wp-block-spacer\"><\/div>","protected":false},"excerpt":{"rendered":"<p>Diagnostika \u010d\u00ednskou medic\u00ednou &#8211; 90-120 minut Zpravidla se prov\u00e1d\u00ed p\u0159i prvn\u00edm osobn\u00edm setk\u00e1n\u00ed. Rozhovor s klientem, pozorov\u00e1n\u00ed jazyka, pulzov\u00e1 diagnostika a jin\u00e9 metody. Umo\u017e\u0148uje efektivn\u011b zac\u00edlit n\u00e1sledn\u00e1 vy\u0161et\u0159en\u00ed na ko\u0159en probl\u00e9mu. 1300 K\u010d Vy\u0161et\u0159en\u00ed \u010d\u00ednskou medic\u00ednou &#8211; 60 minut O\u0161et\u0159en\u00ed metodami \u010d\u00ednsk\u00e9 medic\u00edny, nap\u0159\u00edklad Tuina mas\u00e1\u017eemi nebo u\u0161n\u00ed akupunkturou, &#8230; P\u0159edchoz\u00ed absolvov\u00e1n\u00ed diagnostiky nen\u00ed nutn\u00e9, [&hellip;]<\/p>\n","protected":false},"author":1,"featured_media":0,"parent":0,"menu_order":0,"comment_status":"closed","ping_status":"closed","template":"","meta":{"footnotes":""},"class_list":["post-327","page","type-page","status-publish","hentry"],"yoast_head":"<!-- This site is optimized with the Yoast SEO plugin v27.4 - https:\/\/yoast.com\/product\/yoast-seo-wordpress\/ -->\n<title>Slu\u017eby - Jan \u0160tercl<\/title>\n<meta name=\"description\" content=\"Konzultace telefon\/mail Zdarma, T\u010cM vy\u0161et\u0159en\u00ed (mas\u00e1\u017e Tuina a jin\u00e9 metody) nebo Sportovn\u00ed mas\u00e1\u017e 1000 K\u010d \/ 1 h, Diagnostika T\u010cM 1300 K\u010d \/ 1,5 h\" \/>\n<meta name=\"robots\" content=\"index, follow, max-snippet:-1, max-image-preview:large, max-video-preview:-1\" \/>\n<link rel=\"canonical\" href=\"https:\/\/janstercl.cz\/en\/sluzby\/\" \/>\n<meta property=\"og:locale\" content=\"en_US\" \/>\n<meta property=\"og:type\" content=\"article\" \/>\n<meta property=\"og:title\" content=\"Slu\u017eby - Jan \u0160tercl\" \/>\n<meta property=\"og:description\" content=\"Konzultace telefon\/mail Zdarma, T\u010cM vy\u0161et\u0159en\u00ed (mas\u00e1\u017e Tuina a jin\u00e9 metody) nebo Sportovn\u00ed mas\u00e1\u017e 1000 K\u010d \/ 1 h, Diagnostika T\u010cM 1300 K\u010d \/ 1,5 h\" \/>\n<meta property=\"og:url\" content=\"https:\/\/janstercl.cz\/en\/sluzby\/\" \/>\n<meta property=\"og:site_name\" content=\"Jan \u0160tercl\" \/>\n<meta property=\"article:publisher\" content=\"https:\/\/facebook.com\/stercl.jan\" \/>\n<meta property=\"article:modified_time\" content=\"2025-12-08T20:45:30+00:00\" \/>\n<meta property=\"og:image\" content=\"https:\/\/janstercl.cz\/wp-content\/uploads\/2025\/12\/service_diagnostics-e1765226400565.png\" \/>\n\t<meta property=\"og:image:width\" content=\"700\" \/>\n\t<meta property=\"og:image:height\" content=\"700\" \/>\n\t<meta property=\"og:image:type\" content=\"image\/png\" \/>\n<meta name=\"twitter:card\" content=\"summary_large_image\" \/>\n<meta name=\"twitter:label1\" content=\"Est. reading time\" \/>\n\t<meta name=\"twitter:data1\" content=\"2 minutes\" \/>\n<script type=\"application\/ld+json\" class=\"yoast-schema-graph\">{\"@context\":\"https:\\\/\\\/schema.org\",\"@graph\":[{\"@type\":\"WebPage\",\"@id\":\"https:\\\/\\\/janstercl.cz\\\/sluzby\\\/\",\"url\":\"https:\\\/\\\/janstercl.cz\\\/sluzby\\\/\",\"name\":\"Slu\u017eby - Jan \u0160tercl\",\"isPartOf\":{\"@id\":\"https:\\\/\\\/janstercl.cz\\\/#website\"},\"primaryImageOfPage\":{\"@id\":\"https:\\\/\\\/janstercl.cz\\\/sluzby\\\/#primaryimage\"},\"image\":{\"@id\":\"https:\\\/\\\/janstercl.cz\\\/sluzby\\\/#primaryimage\"},\"thumbnailUrl\":\"https:\\\/\\\/janstercl.cz\\\/wp-content\\\/uploads\\\/2025\\\/12\\\/service_diagnostics-e1765226400565.png\",\"datePublished\":\"2024-11-07T23:19:29+00:00\",\"dateModified\":\"2025-12-08T20:45:30+00:00\",\"description\":\"Konzultace telefon\\\/mail Zdarma, T\u010cM vy\u0161et\u0159en\u00ed (mas\u00e1\u017e Tuina a jin\u00e9 metody) nebo Sportovn\u00ed mas\u00e1\u017e 1000 K\u010d \\\/ 1 h, Diagnostika T\u010cM 1300 K\u010d \\\/ 1,5 h\",\"breadcrumb\":{\"@id\":\"https:\\\/\\\/janstercl.cz\\\/sluzby\\\/#breadcrumb\"},\"inLanguage\":\"en-US\",\"potentialAction\":[{\"@type\":\"ReadAction\",\"target\":[\"https:\\\/\\\/janstercl.cz\\\/sluzby\\\/\"]}]},{\"@type\":\"ImageObject\",\"inLanguage\":\"en-US\",\"@id\":\"https:\\\/\\\/janstercl.cz\\\/sluzby\\\/#primaryimage\",\"url\":\"https:\\\/\\\/janstercl.cz\\\/wp-content\\\/uploads\\\/2025\\\/12\\\/service_diagnostics-e1765226400565.png\",\"contentUrl\":\"https:\\\/\\\/janstercl.cz\\\/wp-content\\\/uploads\\\/2025\\\/12\\\/service_diagnostics-e1765226400565.png\"},{\"@type\":\"BreadcrumbList\",\"@id\":\"https:\\\/\\\/janstercl.cz\\\/sluzby\\\/#breadcrumb\",\"itemListElement\":[{\"@type\":\"ListItem\",\"position\":1,\"name\":\"Dom\u016f\",\"item\":\"https:\\\/\\\/janstercl.cz\\\/\"},{\"@type\":\"ListItem\",\"position\":2,\"name\":\"Slu\u017eby\"}]},{\"@type\":\"WebSite\",\"@id\":\"https:\\\/\\\/janstercl.cz\\\/#website\",\"url\":\"https:\\\/\\\/janstercl.cz\\\/\",\"name\":\"Jan \u0160tercl\",\"description\":\"terapeut \u010d\u00ednsk\u00e9 medic\u00edny\",\"publisher\":{\"@id\":\"https:\\\/\\\/janstercl.cz\\\/#organization\"},\"potentialAction\":[{\"@type\":\"SearchAction\",\"target\":{\"@type\":\"EntryPoint\",\"urlTemplate\":\"https:\\\/\\\/janstercl.cz\\\/?s={search_term_string}\"},\"query-input\":{\"@type\":\"PropertyValueSpecification\",\"valueRequired\":true,\"valueName\":\"search_term_string\"}}],\"inLanguage\":\"en-US\"},{\"@type\":\"Organization\",\"@id\":\"https:\\\/\\\/janstercl.cz\\\/#organization\",\"name\":\"Jan \u0160tercl\",\"url\":\"https:\\\/\\\/janstercl.cz\\\/\",\"logo\":{\"@type\":\"ImageObject\",\"inLanguage\":\"en-US\",\"@id\":\"https:\\\/\\\/janstercl.cz\\\/#\\\/schema\\\/logo\\\/image\\\/\",\"url\":\"https:\\\/\\\/janstercl.cz\\\/wp-content\\\/uploads\\\/2024\\\/09\\\/yinyang-bw-e1727552793590.png\",\"contentUrl\":\"https:\\\/\\\/janstercl.cz\\\/wp-content\\\/uploads\\\/2024\\\/09\\\/yinyang-bw-e1727552793590.png\",\"width\":128,\"height\":128,\"caption\":\"Jan \u0160tercl\"},\"image\":{\"@id\":\"https:\\\/\\\/janstercl.cz\\\/#\\\/schema\\\/logo\\\/image\\\/\"},\"sameAs\":[\"https:\\\/\\\/facebook.com\\\/stercl.jan\",\"https:\\\/\\\/linkedin.com\\\/in\\\/stercljan\"]}]}<\/script>\n<!-- \/ Yoast SEO plugin. -->","yoast_head_json":{"title":"Slu\u017eby - Jan \u0160tercl","description":"Konzultace telefon\/mail Zdarma, T\u010cM vy\u0161et\u0159en\u00ed (mas\u00e1\u017e Tuina a jin\u00e9 metody) nebo Sportovn\u00ed mas\u00e1\u017e 1000 K\u010d \/ 1 h, Diagnostika T\u010cM 1300 K\u010d \/ 1,5 h","robots":{"index":"index","follow":"follow","max-snippet":"max-snippet:-1","max-image-preview":"max-image-preview:large","max-video-preview":"max-video-preview:-1"},"canonical":"https:\/\/janstercl.cz\/en\/sluzby\/","og_locale":"en_US","og_type":"article","og_title":"Slu\u017eby - Jan \u0160tercl","og_description":"Konzultace telefon\/mail Zdarma, T\u010cM vy\u0161et\u0159en\u00ed (mas\u00e1\u017e Tuina a jin\u00e9 metody) nebo Sportovn\u00ed mas\u00e1\u017e 1000 K\u010d \/ 1 h, Diagnostika T\u010cM 1300 K\u010d \/ 1,5 h","og_url":"https:\/\/janstercl.cz\/en\/sluzby\/","og_site_name":"Jan \u0160tercl","article_publisher":"https:\/\/facebook.com\/stercl.jan","article_modified_time":"2025-12-08T20:45:30+00:00","og_image":[{"width":700,"height":700,"url":"https:\/\/janstercl.cz\/wp-content\/uploads\/2025\/12\/service_diagnostics-e1765226400565.png","type":"image\/png"}],"twitter_card":"summary_large_image","twitter_misc":{"Est. reading time":"2 minutes"},"schema":{"@context":"https:\/\/schema.org","@graph":[{"@type":"WebPage","@id":"https:\/\/janstercl.cz\/sluzby\/","url":"https:\/\/janstercl.cz\/sluzby\/","name":"Slu\u017eby - Jan \u0160tercl","isPartOf":{"@id":"https:\/\/janstercl.cz\/#website"},"primaryImageOfPage":{"@id":"https:\/\/janstercl.cz\/sluzby\/#primaryimage"},"image":{"@id":"https:\/\/janstercl.cz\/sluzby\/#primaryimage"},"thumbnailUrl":"https:\/\/janstercl.cz\/wp-content\/uploads\/2025\/12\/service_diagnostics-e1765226400565.png","datePublished":"2024-11-07T23:19:29+00:00","dateModified":"2025-12-08T20:45:30+00:00","description":"Konzultace telefon\/mail Zdarma, T\u010cM vy\u0161et\u0159en\u00ed (mas\u00e1\u017e Tuina a jin\u00e9 metody) nebo Sportovn\u00ed mas\u00e1\u017e 1000 K\u010d \/ 1 h, Diagnostika T\u010cM 1300 K\u010d \/ 1,5 h","breadcrumb":{"@id":"https:\/\/janstercl.cz\/sluzby\/#breadcrumb"},"inLanguage":"en-US","potentialAction":[{"@type":"ReadAction","target":["https:\/\/janstercl.cz\/sluzby\/"]}]},{"@type":"ImageObject","inLanguage":"en-US","@id":"https:\/\/janstercl.cz\/sluzby\/#primaryimage","url":"https:\/\/janstercl.cz\/wp-content\/uploads\/2025\/12\/service_diagnostics-e1765226400565.png","contentUrl":"https:\/\/janstercl.cz\/wp-content\/uploads\/2025\/12\/service_diagnostics-e1765226400565.png"},{"@type":"BreadcrumbList","@id":"https:\/\/janstercl.cz\/sluzby\/#breadcrumb","itemListElement":[{"@type":"ListItem","position":1,"name":"Dom\u016f","item":"https:\/\/janstercl.cz\/"},{"@type":"ListItem","position":2,"name":"Slu\u017eby"}]},{"@type":"WebSite","@id":"https:\/\/janstercl.cz\/#website","url":"https:\/\/janstercl.cz\/","name":"Jan \u0160tercl","description":"terapeut \u010d\u00ednsk\u00e9 medic\u00edny","publisher":{"@id":"https:\/\/janstercl.cz\/#organization"},"potentialAction":[{"@type":"SearchAction","target":{"@type":"EntryPoint","urlTemplate":"https:\/\/janstercl.cz\/?s={search_term_string}"},"query-input":{"@type":"PropertyValueSpecification","valueRequired":true,"valueName":"search_term_string"}}],"inLanguage":"en-US"},{"@type":"Organization","@id":"https:\/\/janstercl.cz\/#organization","name":"Jan \u0160tercl","url":"https:\/\/janstercl.cz\/","logo":{"@type":"ImageObject","inLanguage":"en-US","@id":"https:\/\/janstercl.cz\/#\/schema\/logo\/image\/","url":"https:\/\/janstercl.cz\/wp-content\/uploads\/2024\/09\/yinyang-bw-e1727552793590.png","contentUrl":"https:\/\/janstercl.cz\/wp-content\/uploads\/2024\/09\/yinyang-bw-e1727552793590.png","width":128,"height":128,"caption":"Jan \u0160tercl"},"image":{"@id":"https:\/\/janstercl.cz\/#\/schema\/logo\/image\/"},"sameAs":["https:\/\/facebook.com\/stercl.jan","https:\/\/linkedin.com\/in\/stercljan"]}]}},"_links":{"self":[{"href":"https:\/\/janstercl.cz\/en\/wp-json\/wp\/v2\/pages\/327","targetHints":{"allow":["GET"]}}],"collection":[{"href":"https:\/\/janstercl.cz\/en\/wp-json\/wp\/v2\/pages"}],"about":[{"href":"https:\/\/janstercl.cz\/en\/wp-json\/wp\/v2\/types\/page"}],"author":[{"embeddable":true,"href":"https:\/\/janstercl.cz\/en\/wp-json\/wp\/v2\/users\/1"}],"replies":[{"embeddable":true,"href":"https:\/\/janstercl.cz\/en\/wp-json\/wp\/v2\/comments?post=327"}],"version-history":[{"count":15,"href":"https:\/\/janstercl.cz\/en\/wp-json\/wp\/v2\/pages\/327\/revisions"}],"predecessor-version":[{"id":661,"href":"https:\/\/janstercl.cz\/en\/wp-json\/wp\/v2\/pages\/327\/revisions\/661"}],"wp:attachment":[{"href":"https:\/\/janstercl.cz\/en\/wp-json\/wp\/v2\/media?parent=327"}],"curies":[{"name":"wp","href":"https:\/\/api.w.org\/{rel}","templated":true}]}}